{"id":568,"date":"2017-07-04T10:39:14","date_gmt":"2017-07-04T09:39:14","guid":{"rendered":"http:\/\/www.anaoplage.fr\/en\/demande-de-reservation\/"},"modified":"2025-04-14T08:55:53","modified_gmt":"2025-04-14T07:55:53","slug":"contact-2","status":"publish","type":"page","link":"https:\/\/anaoplage.fr\/en\/contact-2\/","title":{"rendered":"Contact"},"content":{"rendered":"<p style=\"text-align: center;\">Contactez Anao Plage, <a href=\"https:\/\/www.anaoplage.fr\/\">restaurant \u00e0 Beaulieu sur mer<\/a> et plage priv\u00e9e, pour plus d&#8217;informations ou pour une r\u00e9servation.<\/p>\n\n<p><\/p>\n","protected":false},"excerpt":{"rendered":"<p>Contactez Anao Plage, restaurant \u00e0 Beaulieu sur mer et plage priv\u00e9e, pour plus d&#8217;informations ou pour une r\u00e9servation.<\/p>\n","protected":false},"author":1,"featured_media":428,"parent":0,"menu_order":2,"comment_status":"closed","ping_status":"closed","template":"","meta":{"_acf_changed":false,"footnotes":""},"class_list":["post-568","page","type-page","status-publish","has-post-thumbnail","hentry"],"acf":[],"yoast_head":"<!-- This site is optimized with the Yoast SEO plugin v27.3 - https:\/\/yoast.com\/product\/yoast-seo-wordpress\/ -->\n<title>Contact - Anao Plage<\/title>\n<meta name=\"robots\" content=\"index, follow, max-snippet:-1, max-image-preview:large, max-video-preview:-1\" \/>\n<link rel=\"canonical\" href=\"https:\/\/anaoplage.fr\/en\/contact-2\/\" \/>\n<meta property=\"og:locale\" content=\"en_US\" \/>\n<meta property=\"og:type\" content=\"article\" \/>\n<meta property=\"og:title\" content=\"Contact - Anao Plage\" \/>\n<meta property=\"og:description\" content=\"Contactez Anao Plage, restaurant \u00e0 Beaulieu sur mer et plage priv\u00e9e, pour plus d&#8217;informations ou pour une r\u00e9servation.\" \/>\n<meta property=\"og:url\" content=\"https:\/\/anaoplage.fr\/en\/contact-2\/\" \/>\n<meta property=\"og:site_name\" content=\"Anao Plage\" \/>\n<meta property=\"article:modified_time\" content=\"2025-04-14T07:55:53+00:00\" \/>\n<meta property=\"og:image\" content=\"https:\/\/anaoplage.fr\/wp-content\/uploads\/2017\/02\/\u00a9-Fabbio-Galatioto-5735.jpg\" \/>\n\t<meta property=\"og:image:width\" content=\"1900\" \/>\n\t<meta property=\"og:image:height\" content=\"1069\" \/>\n\t<meta property=\"og:image:type\" content=\"image\/jpeg\" \/>\n<meta name=\"twitter:card\" content=\"summary_large_image\" \/>\n<script type=\"application\/ld+json\" class=\"yoast-schema-graph\">{\"@context\":\"https:\\\/\\\/schema.org\",\"@graph\":[{\"@type\":\"WebPage\",\"@id\":\"https:\\\/\\\/anaoplage.fr\\\/en\\\/contact-2\\\/\",\"url\":\"https:\\\/\\\/anaoplage.fr\\\/en\\\/contact-2\\\/\",\"name\":\"Contact - Anao Plage\",\"isPartOf\":{\"@id\":\"https:\\\/\\\/anaoplage.fr\\\/#website\"},\"primaryImageOfPage\":{\"@id\":\"https:\\\/\\\/anaoplage.fr\\\/en\\\/contact-2\\\/#primaryimage\"},\"image\":{\"@id\":\"https:\\\/\\\/anaoplage.fr\\\/en\\\/contact-2\\\/#primaryimage\"},\"thumbnailUrl\":\"https:\\\/\\\/anaoplage.fr\\\/wp-content\\\/uploads\\\/2017\\\/02\\\/\u00a9-Fabbio-Galatioto-5735.jpg\",\"datePublished\":\"2017-07-04T09:39:14+00:00\",\"dateModified\":\"2025-04-14T07:55:53+00:00\",\"breadcrumb\":{\"@id\":\"https:\\\/\\\/anaoplage.fr\\\/en\\\/contact-2\\\/#breadcrumb\"},\"inLanguage\":\"en-US\",\"potentialAction\":[{\"@type\":\"ReadAction\",\"target\":[\"https:\\\/\\\/anaoplage.fr\\\/en\\\/contact-2\\\/\"]}]},{\"@type\":\"ImageObject\",\"inLanguage\":\"en-US\",\"@id\":\"https:\\\/\\\/anaoplage.fr\\\/en\\\/contact-2\\\/#primaryimage\",\"url\":\"https:\\\/\\\/anaoplage.fr\\\/wp-content\\\/uploads\\\/2017\\\/02\\\/\u00a9-Fabbio-Galatioto-5735.jpg\",\"contentUrl\":\"https:\\\/\\\/anaoplage.fr\\\/wp-content\\\/uploads\\\/2017\\\/02\\\/\u00a9-Fabbio-Galatioto-5735.jpg\",\"width\":1900,\"height\":1069},{\"@type\":\"BreadcrumbList\",\"@id\":\"https:\\\/\\\/anaoplage.fr\\\/en\\\/contact-2\\\/#breadcrumb\",\"itemListElement\":[{\"@type\":\"ListItem\",\"position\":1,\"name\":\"Accueil\",\"item\":\"https:\\\/\\\/anaoplage.fr\\\/en\\\/\"},{\"@type\":\"ListItem\",\"position\":2,\"name\":\"Contact\"}]},{\"@type\":\"WebSite\",\"@id\":\"https:\\\/\\\/anaoplage.fr\\\/#website\",\"url\":\"https:\\\/\\\/anaoplage.fr\\\/\",\"name\":\"Anao Plage\",\"description\":\"\",\"potentialAction\":[{\"@type\":\"SearchAction\",\"target\":{\"@type\":\"EntryPoint\",\"urlTemplate\":\"https:\\\/\\\/anaoplage.fr\\\/?s={search_term_string}\"},\"query-input\":{\"@type\":\"PropertyValueSpecification\",\"valueRequired\":true,\"valueName\":\"search_term_string\"}}],\"inLanguage\":\"en-US\"}]}<\/script>\n<!-- \/ Yoast SEO plugin. -->","yoast_head_json":{"title":"Contact - Anao Plage","robots":{"index":"index","follow":"follow","max-snippet":"max-snippet:-1","max-image-preview":"max-image-preview:large","max-video-preview":"max-video-preview:-1"},"canonical":"https:\/\/anaoplage.fr\/en\/contact-2\/","og_locale":"en_US","og_type":"article","og_title":"Contact - Anao Plage","og_description":"Contactez Anao Plage, restaurant \u00e0 Beaulieu sur mer et plage priv\u00e9e, pour plus d&#8217;informations ou pour une r\u00e9servation.","og_url":"https:\/\/anaoplage.fr\/en\/contact-2\/","og_site_name":"Anao Plage","article_modified_time":"2025-04-14T07:55:53+00:00","og_image":[{"width":1900,"height":1069,"url":"https:\/\/anaoplage.fr\/wp-content\/uploads\/2017\/02\/\u00a9-Fabbio-Galatioto-5735.jpg","type":"image\/jpeg"}],"twitter_card":"summary_large_image","schema":{"@context":"https:\/\/schema.org","@graph":[{"@type":"WebPage","@id":"https:\/\/anaoplage.fr\/en\/contact-2\/","url":"https:\/\/anaoplage.fr\/en\/contact-2\/","name":"Contact - Anao Plage","isPartOf":{"@id":"https:\/\/anaoplage.fr\/#website"},"primaryImageOfPage":{"@id":"https:\/\/anaoplage.fr\/en\/contact-2\/#primaryimage"},"image":{"@id":"https:\/\/anaoplage.fr\/en\/contact-2\/#primaryimage"},"thumbnailUrl":"https:\/\/anaoplage.fr\/wp-content\/uploads\/2017\/02\/\u00a9-Fabbio-Galatioto-5735.jpg","datePublished":"2017-07-04T09:39:14+00:00","dateModified":"2025-04-14T07:55:53+00:00","breadcrumb":{"@id":"https:\/\/anaoplage.fr\/en\/contact-2\/#breadcrumb"},"inLanguage":"en-US","potentialAction":[{"@type":"ReadAction","target":["https:\/\/anaoplage.fr\/en\/contact-2\/"]}]},{"@type":"ImageObject","inLanguage":"en-US","@id":"https:\/\/anaoplage.fr\/en\/contact-2\/#primaryimage","url":"https:\/\/anaoplage.fr\/wp-content\/uploads\/2017\/02\/\u00a9-Fabbio-Galatioto-5735.jpg","contentUrl":"https:\/\/anaoplage.fr\/wp-content\/uploads\/2017\/02\/\u00a9-Fabbio-Galatioto-5735.jpg","width":1900,"height":1069},{"@type":"BreadcrumbList","@id":"https:\/\/anaoplage.fr\/en\/contact-2\/#breadcrumb","itemListElement":[{"@type":"ListItem","position":1,"name":"Accueil","item":"https:\/\/anaoplage.fr\/en\/"},{"@type":"ListItem","position":2,"name":"Contact"}]},{"@type":"WebSite","@id":"https:\/\/anaoplage.fr\/#website","url":"https:\/\/anaoplage.fr\/","name":"Anao Plage","description":"","potentialAction":[{"@type":"SearchAction","target":{"@type":"EntryPoint","urlTemplate":"https:\/\/anaoplage.fr\/?s={search_term_string}"},"query-input":{"@type":"PropertyValueSpecification","valueRequired":true,"valueName":"search_term_string"}}],"inLanguage":"en-US"}]}},"anao_mobile_phone":null,"anao_mobile_contact_email":null,"anao_mobile_teaser_url":null,"anao_mobile_gallery_title_fr":null,"anao_mobile_gallery_title_en":null,"anao_mobile_gallery_title_ru":null,"_links":{"self":[{"href":"https:\/\/anaoplage.fr\/en\/wp-json\/wp\/v2\/pages\/568","targetHints":{"allow":["GET"]}}],"collection":[{"href":"https:\/\/anaoplage.fr\/en\/wp-json\/wp\/v2\/pages"}],"about":[{"href":"https:\/\/anaoplage.fr\/en\/wp-json\/wp\/v2\/types\/page"}],"author":[{"embeddable":true,"href":"https:\/\/anaoplage.fr\/en\/wp-json\/wp\/v2\/users\/1"}],"replies":[{"embeddable":true,"href":"https:\/\/anaoplage.fr\/en\/wp-json\/wp\/v2\/comments?post=568"}],"version-history":[{"count":5,"href":"https:\/\/anaoplage.fr\/en\/wp-json\/wp\/v2\/pages\/568\/revisions"}],"predecessor-version":[{"id":1225287,"href":"https:\/\/anaoplage.fr\/en\/wp-json\/wp\/v2\/pages\/568\/revisions\/1225287"}],"wp:featuredmedia":[{"embeddable":true,"href":"https:\/\/anaoplage.fr\/en\/wp-json\/wp\/v2\/media\/428"}],"wp:attachment":[{"href":"https:\/\/anaoplage.fr\/en\/wp-json\/wp\/v2\/media?parent=568"}],"curies":[{"name":"wp","href":"https:\/\/api.w.org\/{rel}","templated":true}]}}