{"id":1225207,"date":"2024-10-17T10:44:48","date_gmt":"2024-10-17T09:44:48","guid":{"rendered":"https:\/\/anaoplage.fr\/jetski\/"},"modified":"2025-01-14T09:54:57","modified_gmt":"2025-01-14T08:54:57","slug":"jetski","status":"publish","type":"page","link":"https:\/\/anaoplage.fr\/en\/water-sports\/jetski\/","title":{"rendered":"Discover jet skiing at Beaulieu-sur-Mer: an unforgettable experience"},"content":{"rendered":"\n<p class=\"has-text-align-center has-medium-font-size\">Beaulieu-sur-Mer, a charming commune on the C\u00f4te d&#8217;Azur, is renowned for its idyllic landscapes and crystal-clear waters. What better way to explore them than with a fun and dynamic activity like jet skiing? Offering the perfect blend of adrenalin and discovery, jet skiing in Beaulieu-sur-Mer promises memorable moments for novices and experts alike. Anao Plage offers you the chance to enjoy these <strong>water sports activities in Beaulieu-Sur-Mer<\/strong>.<\/p>\n\n\n\n<h2 class=\"wp-block-heading has-text-align-center\">Why jet ski in Beaulieu-sur-Mer?<\/h2>\n\n\n\n<p class=\"has-text-align-center\">Located between Nice and Monaco, Beaulieu-sur-Mer offers a wide range of water sports. Among these, jet skiing stands out in particular thanks to the natural beauty of its surroundings. Jet ski touring lets you explore otherwise inaccessible places, while experiencing the unique sensation of gliding along the water at top speed.<\/p>\n\n\n\n<p class=\"has-text-align-center\">Whether you&#8217;re looking for a thrill or simply want to admire the spectacular views from the water, a jet ski rental in Beaulieu-sur-Mer will meet all your expectations. What&#8217;s more, with qualified instructors at your service, even beginners can quickly master this exciting discipline in complete safety.<\/p>\n\n\n\n<div class=\"wp-block-group is-content-justification-center is-nowrap is-layout-flex wp-container-core-group-is-layout-94bc23d7 wp-block-group-is-layout-flex\">\n<figure class=\"wp-block-image size-full is-resized\"><img loading=\"lazy\" decoding=\"async\" width=\"540\" height=\"540\" src=\"https:\/\/anaoplage.fr\/wp-content\/uploads\/2024\/10\/pack-solo03-jetski-et-paddle-cap-ferrat-watersports.jpg\" alt=\"jet ski a beaulieu sur mer\" class=\"wp-image-1225073\" style=\"width:240px;height:auto\" srcset=\"https:\/\/anaoplage.fr\/wp-content\/uploads\/2024\/10\/pack-solo03-jetski-et-paddle-cap-ferrat-watersports.jpg 540w, https:\/\/anaoplage.fr\/wp-content\/uploads\/2024\/10\/pack-solo03-jetski-et-paddle-cap-ferrat-watersports-300x300.jpg 300w, https:\/\/anaoplage.fr\/wp-content\/uploads\/2024\/10\/pack-solo03-jetski-et-paddle-cap-ferrat-watersports-150x150.jpg 150w\" sizes=\"auto, (max-width: 540px) 100vw, 540px\" \/><\/figure>\n\n\n\n<figure class=\"wp-block-image size-full is-resized\"><img loading=\"lazy\" decoding=\"async\" width=\"540\" height=\"540\" src=\"https:\/\/anaoplage.fr\/wp-content\/uploads\/2024\/10\/thumb-rando-jetski-01-cap-ferrat-watersports-1.jpg\" alt=\"Situ\u00e9e entre Nice et Monaco, Beaulieu-sur-Mer propose une diversit\u00e9 d\u2019activit\u00e9s nautiques. Parmi celles-ci, le jet ski se distingue particuli\u00e8rement gr\u00e2ce \u00e0 la beaut\u00e9 naturelle de ses environs. Partir en randonn\u00e9e jet ski vous permet d\u2019explorer des lieux autrement inaccessibles, tout en ressentant la sensation unique de glisser sur l\u2019eau \u00e0 vive allure. Que vous soyez \u00e0 la recherche de sensations fortes ou souhaitiez simplement admirer les vues spectaculaires depuis l\u2019eau, la location de jet ski \u00e0 Beaulieu-sur-Mer r\u00e9pond \u00e0 toutes vos attentes. En plus, avec des moniteurs dipl\u00f4m\u00e9s \u00e0 votre service, m\u00eame les d\u00e9butants peuvent rapidement ma\u00eetriser cette discipline excitante en toute s\u00e9curit\u00e9.\" class=\"wp-image-1225052\" style=\"width:238px;height:auto\" srcset=\"https:\/\/anaoplage.fr\/wp-content\/uploads\/2024\/10\/thumb-rando-jetski-01-cap-ferrat-watersports-1.jpg 540w, https:\/\/anaoplage.fr\/wp-content\/uploads\/2024\/10\/thumb-rando-jetski-01-cap-ferrat-watersports-1-300x300.jpg 300w, https:\/\/anaoplage.fr\/wp-content\/uploads\/2024\/10\/thumb-rando-jetski-01-cap-ferrat-watersports-1-150x150.jpg 150w\" sizes=\"auto, (max-width: 540px) 100vw, 540px\" \/><\/figure>\n\n\n\n<figure class=\"wp-block-image size-full is-resized\"><img loading=\"lazy\" decoding=\"async\" width=\"540\" height=\"540\" src=\"https:\/\/anaoplage.fr\/wp-content\/uploads\/2024\/10\/jet-ski-cap-ferrat-watersports.jpg\" alt=\"jet ski a beaulieu sur mer\" class=\"wp-image-1225078\" style=\"width:240px;height:auto\" srcset=\"https:\/\/anaoplage.fr\/wp-content\/uploads\/2024\/10\/jet-ski-cap-ferrat-watersports.jpg 540w, https:\/\/anaoplage.fr\/wp-content\/uploads\/2024\/10\/jet-ski-cap-ferrat-watersports-300x300.jpg 300w, https:\/\/anaoplage.fr\/wp-content\/uploads\/2024\/10\/jet-ski-cap-ferrat-watersports-150x150.jpg 150w\" sizes=\"auto, (max-width: 540px) 100vw, 540px\" \/><\/figure>\n<\/div>\n\n\n\n<h3 class=\"wp-block-heading has-text-align-center\"><strong><strong>Iconic natural attractions<\/strong> <\/strong><\/h3>\n\n\n\n<p class=\"has-text-align-center\">One of the main reasons to book a jet ski trip to Beaulieu-sur-Mer is undoubtedly to admire natural gems such as the Petite Afrique beach and Cap Ferrat. These spots are ideal for swimming breaks or simply enjoying the breathtaking panorama.<\/p>\n\n\n\n<p class=\"has-text-align-center\">Sailing along the coast, you&#8217;ll also have the opportunity to contemplate sumptuous villas nestled in the greenery, adding a touch of glamour to this already emotionally rich adventure.<\/p>\n\n\n\n<h3 class=\"wp-block-heading has-text-align-center\"><strong><strong>A diversified offering to suit all tastes<\/strong><\/strong><\/h3>\n\n\n\n<p class=\"has-text-align-center\">La <strong>base nautique de Beaulieu-sur-Mer<\/strong> Cap Ferrat Watersports propose plusieurs formules adapt\u00e9es \u00e0 The Beaulieu-sur-Mer Cap Ferrat Watersports base offers several packages to suit all budgets and tastes:<\/p>\n\n\n\n<ul class=\"wp-block-list\">\n<li>Jet ski rental for various lengths of time, from 30 minutes to a full day.<\/li>\n<\/ul>\n\n\n\n<ul class=\"wp-block-list\">\n<li>Tours supervised by qualified instructors to discover the best spots<\/li>\n\n\n\n<li>Combined packages including jet ski and other water sports activities such as parasailing or water skiing<\/li>\n<\/ul>\n\n\n\n<h2 class=\"wp-block-heading has-text-align-center\"><strong><strong>Cap Ferrat Watersports: A popular choice<\/strong> <\/strong><\/h2>\n\n\n\n<p class=\"has-text-align-left\"><a href=\"https:\/\/www.capferratwatersports.com\/\">Cap Ferrat Watersports<\/a> is one of the leading names in jet ski rentals in Beaulieu-sur-Mer. Renowned for its professionalism and the quality of its equipment, this operator guarantees a safe and enjoyable experience, and customers particularly appreciate the flexibility offered by Cap Ferrat Watersports.<\/p>\n\n\n<div class=\"wp-block-image is-style-rounded\">\n<figure class=\"aligncenter size-full is-resized\"><a href=\"https:\/\/www.capferratwatersports.com\/\"><img loading=\"lazy\" decoding=\"async\" width=\"300\" height=\"251\" src=\"https:\/\/anaoplage.fr\/wp-content\/uploads\/2024\/10\/SMALL-LOGO-CAP-FERRAT-WATERSPORTS-2020.jpg\" alt=\"Cap Ferrat Watersports : votre partenaire pour des locations nautiques\" class=\"wp-image-1225064\" style=\"width:128px;height:auto\"\/><\/a><\/figure>\n<\/div>\n\n\n<p class=\"has-text-align-left\">You can opt for short sessions just for fun, or longer hikes for in-depth exploration of local beauty. Prices are competitive, with regular special offers to make this adventure even more accessible.<\/p>\n\n\n\n<h3 class=\"wp-block-heading has-text-align-center\"><strong><strong>With or without a license: Options for everyone<\/strong> <\/strong><\/h3>\n\n\n\n<p class=\"has-text-align-center\">At Cap Ferrat Watersports, you can rent a jet ski even if you don&#8217;t have a boating license. In this case, you&#8217;ll be accompanied by a qualified instructor for the duration of the outing. This allows families and groups of friends to enjoy this activity together, without any administrative constraints.<\/p>\n\n\n\n<p class=\"has-text-align-center\">For those with a license, the freedom is total. You can set off on your own or with your fellow passengers, exploring the surrounding maritime wonders at your own pace.<\/p>\n\n\n\n<h2 class=\"wp-block-heading has-text-align-center\"><strong><strong>Anao beach Beaulieu-sur-Mer<\/strong><\/strong><\/h2>\n\n\n\n<div class=\"wp-block-cover is-light has-custom-content-position is-position-bottom-center\" style=\"min-height:189px;aspect-ratio:unset;\"><span aria-hidden=\"true\" class=\"wp-block-cover__background has-background-dim\" style=\"background-color:#969fa9\"><\/span><img loading=\"lazy\" decoding=\"async\" width=\"2500\" height=\"1668\" class=\"wp-block-cover__image-background wp-image-216745\" alt=\"anao plage beaulieu\" src=\"https:\/\/anaoplage.fr\/wp-content\/uploads\/2021\/06\/\u00a9-Fabbio-Galatioto-DSC_5890.jpg\" data-object-fit=\"cover\" srcset=\"https:\/\/anaoplage.fr\/wp-content\/uploads\/2021\/06\/\u00a9-Fabbio-Galatioto-DSC_5890.jpg 2500w, https:\/\/anaoplage.fr\/wp-content\/uploads\/2021\/06\/\u00a9-Fabbio-Galatioto-DSC_5890-300x200.jpg 300w, https:\/\/anaoplage.fr\/wp-content\/uploads\/2021\/06\/\u00a9-Fabbio-Galatioto-DSC_5890-1024x683.jpg 1024w, https:\/\/anaoplage.fr\/wp-content\/uploads\/2021\/06\/\u00a9-Fabbio-Galatioto-DSC_5890-768x512.jpg 768w, https:\/\/anaoplage.fr\/wp-content\/uploads\/2021\/06\/\u00a9-Fabbio-Galatioto-DSC_5890-1536x1025.jpg 1536w, https:\/\/anaoplage.fr\/wp-content\/uploads\/2021\/06\/\u00a9-Fabbio-Galatioto-DSC_5890-2048x1366.jpg 2048w\" sizes=\"auto, (max-width: 2500px) 100vw, 2500px\" \/><div class=\"wp-block-cover__inner-container is-layout-constrained wp-block-cover-is-layout-constrained\">\n<p class=\"has-text-align-center has-large-font-size\"><\/p>\n<\/div><\/div>\n\n\n\n<p class=\"has-text-align-center\">Anao Beach is a popular spot for water sports enthusiasts. This private beach offers private events and a gourmet restaurant. Whether you choose to start your day here or make a stopover during your hike, Anao Beach adds a friendly, relaxed note to your aquatic getaway.<\/p>\n\n\n\n<h3 class=\"wp-block-heading has-text-align-center\"><strong>Why jet ski in Beaulieu-sur-Mer?<\/strong><\/h3>\n\n\n\n<p class=\"has-text-align-center\">If you&#8217;re thinking of trying jet skiing in Beaulieu-sur-Mer, here are a few practical tips to help you get the most out of it:<\/p>\n\n\n\n<ol class=\"wp-block-list\">\n<li>Prepare yourself well: Make sure you&#8217;re wearing comfortable, water-appropriate clothing. Don&#8217;t forget sunscreen and a pair of sunglasses.<\/li>\n\n\n\n<li>Listen to instructions: Before getting on the jet ski, listen carefully to the safety instructions given by the instructor. They are crucial to guaranteeing your safety and that of others.<\/li>\n\n\n\n<li>Stay hydrated: Sea air can be dehydrating, so take water with you to stay hydrated throughout your outing.<\/li>\n<\/ol>\n\n\n\n<p>Adapt your speed: Even if the temptation to go for it is great, adapt your speed according to the area you&#8217;re in, especially near the coast and other swimmers.<\/p>\n\n\n\n<p>By following these simple recommendations, your jet-skiing adventure will not only be a pleasure, but also a success.<\/p>\n\n\n\n<h3 class=\"wp-block-heading has-text-align-center\"><strong>An activity accessible from age 16<\/strong><\/h3>\n\n\n\n<p class=\"has-text-align-center\">Jet skiing at Beaulieu-sur-Mer is an activity open to everyone from the age of 16. This accessibility allows young people to discover new sensations while developing a spirit of adventure. Younger children can even board as passengers for a duo ride, under the supervision of a responsible adult.<\/p>\n","protected":false},"excerpt":{"rendered":"<p>Beaulieu-sur-Mer, a charming commune on the C\u00f4te d&#8217;Azur, is renowned for its idyllic landscapes and crystal-clear waters. What better way to explore them than with a fun and dynamic activity like jet skiing? Offering the [&#8230;]<\/p>\n","protected":false},"author":3,"featured_media":216755,"parent":1225226,"menu_order":0,"comment_status":"closed","ping_status":"closed","template":"","meta":{"_acf_changed":false,"footnotes":""},"class_list":["post-1225207","page","type-page","status-publish","has-post-thumbnail","hentry"],"acf":[],"yoast_head":"<!-- This site is optimized with the Yoast SEO plugin v27.3 - https:\/\/yoast.com\/product\/yoast-seo-wordpress\/ -->\n<title>Jet Ski in Beaulieu-Sur-Mer- Anao Plage<\/title>\n<meta name=\"description\" content=\"Rent your JetSki in Beaulieu-Sur-Mer at Anao Plage. You can enjoy a magnificent setting while having fun\" \/>\n<meta name=\"robots\" content=\"index, follow, max-snippet:-1, max-image-preview:large, max-video-preview:-1\" \/>\n<link rel=\"canonical\" href=\"https:\/\/anaoplage.fr\/en\/water-sports\/jetski\/\" \/>\n<meta property=\"og:locale\" content=\"en_US\" \/>\n<meta property=\"og:type\" content=\"article\" \/>\n<meta property=\"og:title\" content=\"Jet Ski in Beaulieu-Sur-Mer- Anao Plage\" \/>\n<meta property=\"og:description\" content=\"Rent your JetSki in Beaulieu-Sur-Mer at Anao Plage. You can enjoy a magnificent setting while having fun\" \/>\n<meta property=\"og:url\" content=\"https:\/\/anaoplage.fr\/en\/water-sports\/jetski\/\" \/>\n<meta property=\"og:site_name\" content=\"Anao Plage\" \/>\n<meta property=\"article:modified_time\" content=\"2025-01-14T08:54:57+00:00\" \/>\n<meta property=\"og:image\" content=\"https:\/\/anaoplage.fr\/wp-content\/uploads\/2021\/06\/\u00a9-Fabbio-Galatioto-5780-1024x576.jpg\" \/>\n\t<meta property=\"og:image:width\" content=\"1024\" \/>\n\t<meta property=\"og:image:height\" content=\"576\" \/>\n\t<meta property=\"og:image:type\" content=\"image\/jpeg\" \/>\n<meta name=\"twitter:card\" content=\"summary_large_image\" \/>\n<meta name=\"twitter:label1\" content=\"Est. reading time\" \/>\n\t<meta name=\"twitter:data1\" content=\"5 minutes\" \/>\n<script type=\"application\/ld+json\" class=\"yoast-schema-graph\">{\"@context\":\"https:\\\/\\\/schema.org\",\"@graph\":[{\"@type\":\"WebPage\",\"@id\":\"https:\\\/\\\/anaoplage.fr\\\/en\\\/water-sports\\\/jetski\\\/\",\"url\":\"https:\\\/\\\/anaoplage.fr\\\/en\\\/water-sports\\\/jetski\\\/\",\"name\":\"Jet Ski in Beaulieu-Sur-Mer- Anao Plage\",\"isPartOf\":{\"@id\":\"https:\\\/\\\/anaoplage.fr\\\/#website\"},\"primaryImageOfPage\":{\"@id\":\"https:\\\/\\\/anaoplage.fr\\\/en\\\/water-sports\\\/jetski\\\/#primaryimage\"},\"image\":{\"@id\":\"https:\\\/\\\/anaoplage.fr\\\/en\\\/water-sports\\\/jetski\\\/#primaryimage\"},\"thumbnailUrl\":\"https:\\\/\\\/anaoplage.fr\\\/wp-content\\\/uploads\\\/2021\\\/06\\\/\u00a9-Fabbio-Galatioto-5780.jpg\",\"datePublished\":\"2024-10-17T09:44:48+00:00\",\"dateModified\":\"2025-01-14T08:54:57+00:00\",\"description\":\"Rent your JetSki in Beaulieu-Sur-Mer at Anao Plage. You can enjoy a magnificent setting while having fun\",\"breadcrumb\":{\"@id\":\"https:\\\/\\\/anaoplage.fr\\\/en\\\/water-sports\\\/jetski\\\/#breadcrumb\"},\"inLanguage\":\"en-US\",\"potentialAction\":[{\"@type\":\"ReadAction\",\"target\":[\"https:\\\/\\\/anaoplage.fr\\\/en\\\/water-sports\\\/jetski\\\/\"]}]},{\"@type\":\"ImageObject\",\"inLanguage\":\"en-US\",\"@id\":\"https:\\\/\\\/anaoplage.fr\\\/en\\\/water-sports\\\/jetski\\\/#primaryimage\",\"url\":\"https:\\\/\\\/anaoplage.fr\\\/wp-content\\\/uploads\\\/2021\\\/06\\\/\u00a9-Fabbio-Galatioto-5780.jpg\",\"contentUrl\":\"https:\\\/\\\/anaoplage.fr\\\/wp-content\\\/uploads\\\/2021\\\/06\\\/\u00a9-Fabbio-Galatioto-5780.jpg\",\"width\":2500,\"height\":1406,\"caption\":\"activite plage beaulieu sur mer\"},{\"@type\":\"BreadcrumbList\",\"@id\":\"https:\\\/\\\/anaoplage.fr\\\/en\\\/water-sports\\\/jetski\\\/#breadcrumb\",\"itemListElement\":[{\"@type\":\"ListItem\",\"position\":1,\"name\":\"Accueil\",\"item\":\"https:\\\/\\\/anaoplage.fr\\\/en\\\/\"},{\"@type\":\"ListItem\",\"position\":2,\"name\":\"Discover water sports in Beaulieu-sur-Mer: a paradise for young and old alike\",\"item\":\"https:\\\/\\\/anaoplage.fr\\\/en\\\/water-sports\\\/\"},{\"@type\":\"ListItem\",\"position\":3,\"name\":\"Discover jet skiing at Beaulieu-sur-Mer: an unforgettable experience\"}]},{\"@type\":\"WebSite\",\"@id\":\"https:\\\/\\\/anaoplage.fr\\\/#website\",\"url\":\"https:\\\/\\\/anaoplage.fr\\\/\",\"name\":\"Anao Plage\",\"description\":\"\",\"potentialAction\":[{\"@type\":\"SearchAction\",\"target\":{\"@type\":\"EntryPoint\",\"urlTemplate\":\"https:\\\/\\\/anaoplage.fr\\\/?s={search_term_string}\"},\"query-input\":{\"@type\":\"PropertyValueSpecification\",\"valueRequired\":true,\"valueName\":\"search_term_string\"}}],\"inLanguage\":\"en-US\"}]}<\/script>\n<!-- \/ Yoast SEO plugin. -->","yoast_head_json":{"title":"Jet Ski in Beaulieu-Sur-Mer- Anao Plage","description":"Rent your JetSki in Beaulieu-Sur-Mer at Anao Plage. You can enjoy a magnificent setting while having fun","robots":{"index":"index","follow":"follow","max-snippet":"max-snippet:-1","max-image-preview":"max-image-preview:large","max-video-preview":"max-video-preview:-1"},"canonical":"https:\/\/anaoplage.fr\/en\/water-sports\/jetski\/","og_locale":"en_US","og_type":"article","og_title":"Jet Ski in Beaulieu-Sur-Mer- Anao Plage","og_description":"Rent your JetSki in Beaulieu-Sur-Mer at Anao Plage. You can enjoy a magnificent setting while having fun","og_url":"https:\/\/anaoplage.fr\/en\/water-sports\/jetski\/","og_site_name":"Anao Plage","article_modified_time":"2025-01-14T08:54:57+00:00","og_image":[{"width":1024,"height":576,"url":"https:\/\/anaoplage.fr\/wp-content\/uploads\/2021\/06\/\u00a9-Fabbio-Galatioto-5780-1024x576.jpg","type":"image\/jpeg"}],"twitter_card":"summary_large_image","twitter_misc":{"Est. reading time":"5 minutes"},"schema":{"@context":"https:\/\/schema.org","@graph":[{"@type":"WebPage","@id":"https:\/\/anaoplage.fr\/en\/water-sports\/jetski\/","url":"https:\/\/anaoplage.fr\/en\/water-sports\/jetski\/","name":"Jet Ski in Beaulieu-Sur-Mer- Anao Plage","isPartOf":{"@id":"https:\/\/anaoplage.fr\/#website"},"primaryImageOfPage":{"@id":"https:\/\/anaoplage.fr\/en\/water-sports\/jetski\/#primaryimage"},"image":{"@id":"https:\/\/anaoplage.fr\/en\/water-sports\/jetski\/#primaryimage"},"thumbnailUrl":"https:\/\/anaoplage.fr\/wp-content\/uploads\/2021\/06\/\u00a9-Fabbio-Galatioto-5780.jpg","datePublished":"2024-10-17T09:44:48+00:00","dateModified":"2025-01-14T08:54:57+00:00","description":"Rent your JetSki in Beaulieu-Sur-Mer at Anao Plage. You can enjoy a magnificent setting while having fun","breadcrumb":{"@id":"https:\/\/anaoplage.fr\/en\/water-sports\/jetski\/#breadcrumb"},"inLanguage":"en-US","potentialAction":[{"@type":"ReadAction","target":["https:\/\/anaoplage.fr\/en\/water-sports\/jetski\/"]}]},{"@type":"ImageObject","inLanguage":"en-US","@id":"https:\/\/anaoplage.fr\/en\/water-sports\/jetski\/#primaryimage","url":"https:\/\/anaoplage.fr\/wp-content\/uploads\/2021\/06\/\u00a9-Fabbio-Galatioto-5780.jpg","contentUrl":"https:\/\/anaoplage.fr\/wp-content\/uploads\/2021\/06\/\u00a9-Fabbio-Galatioto-5780.jpg","width":2500,"height":1406,"caption":"activite plage beaulieu sur mer"},{"@type":"BreadcrumbList","@id":"https:\/\/anaoplage.fr\/en\/water-sports\/jetski\/#breadcrumb","itemListElement":[{"@type":"ListItem","position":1,"name":"Accueil","item":"https:\/\/anaoplage.fr\/en\/"},{"@type":"ListItem","position":2,"name":"Discover water sports in Beaulieu-sur-Mer: a paradise for young and old alike","item":"https:\/\/anaoplage.fr\/en\/water-sports\/"},{"@type":"ListItem","position":3,"name":"Discover jet skiing at Beaulieu-sur-Mer: an unforgettable experience"}]},{"@type":"WebSite","@id":"https:\/\/anaoplage.fr\/#website","url":"https:\/\/anaoplage.fr\/","name":"Anao Plage","description":"","potentialAction":[{"@type":"SearchAction","target":{"@type":"EntryPoint","urlTemplate":"https:\/\/anaoplage.fr\/?s={search_term_string}"},"query-input":{"@type":"PropertyValueSpecification","valueRequired":true,"valueName":"search_term_string"}}],"inLanguage":"en-US"}]}},"anao_mobile_phone":null,"anao_mobile_contact_email":null,"anao_mobile_teaser_url":null,"anao_mobile_gallery_title_fr":null,"anao_mobile_gallery_title_en":null,"anao_mobile_gallery_title_ru":null,"_links":{"self":[{"href":"https:\/\/anaoplage.fr\/en\/wp-json\/wp\/v2\/pages\/1225207","targetHints":{"allow":["GET"]}}],"collection":[{"href":"https:\/\/anaoplage.fr\/en\/wp-json\/wp\/v2\/pages"}],"about":[{"href":"https:\/\/anaoplage.fr\/en\/wp-json\/wp\/v2\/types\/page"}],"author":[{"embeddable":true,"href":"https:\/\/anaoplage.fr\/en\/wp-json\/wp\/v2\/users\/3"}],"replies":[{"embeddable":true,"href":"https:\/\/anaoplage.fr\/en\/wp-json\/wp\/v2\/comments?post=1225207"}],"version-history":[{"count":5,"href":"https:\/\/anaoplage.fr\/en\/wp-json\/wp\/v2\/pages\/1225207\/revisions"}],"predecessor-version":[{"id":1225222,"href":"https:\/\/anaoplage.fr\/en\/wp-json\/wp\/v2\/pages\/1225207\/revisions\/1225222"}],"up":[{"embeddable":true,"href":"https:\/\/anaoplage.fr\/en\/wp-json\/wp\/v2\/pages\/1225226"}],"wp:featuredmedia":[{"embeddable":true,"href":"https:\/\/anaoplage.fr\/en\/wp-json\/wp\/v2\/media\/216755"}],"wp:attachment":[{"href":"https:\/\/anaoplage.fr\/en\/wp-json\/wp\/v2\/media?parent=1225207"}],"curies":[{"name":"wp","href":"https:\/\/api.w.org\/{rel}","templated":true}]}}